{"id":80,"date":"2025-10-06T12:18:53","date_gmt":"2025-10-06T12:18:53","guid":{"rendered":"https:\/\/vasco.hr\/?page_id=80"},"modified":"2025-11-13T11:52:08","modified_gmt":"2025-11-13T10:52:08","slug":"kontakt","status":"publish","type":"page","link":"https:\/\/vasco.hr\/en\/kontakt\/","title":{"rendered":"Contact"},"content":{"rendered":"<div class=\"wp-block-cover alignfull\" style=\"min-height:251px;aspect-ratio:unset;\"><img decoding=\"async\" width=\"1024\" height=\"682\" class=\"wp-block-cover__image-background wp-image-93 size-large\" alt=\"\" src=\"https:\/\/vasco.hr\/wp-content\/uploads\/2025\/10\/bck-1024x682.jpg\" style=\"object-position:68% 35%\" data-object-fit=\"cover\" data-object-position=\"68% 35%\" title=\"\" srcset=\"https:\/\/vasco.hr\/wp-content\/uploads\/2025\/10\/bck-1024x682.jpg 1024w, https:\/\/vasco.hr\/wp-content\/uploads\/2025\/10\/bck-600x400.jpg 600w, https:\/\/vasco.hr\/wp-content\/uploads\/2025\/10\/bck-300x200.jpg 300w, https:\/\/vasco.hr\/wp-content\/uploads\/2025\/10\/bck-768x512.jpg 768w, https:\/\/vasco.hr\/wp-content\/uploads\/2025\/10\/bck-1536x1024.jpg 1536w, https:\/\/vasco.hr\/wp-content\/uploads\/2025\/10\/bck-2048x1365.jpg 2048w\" sizes=\"(max-width: 1024px) 100vw, 1024px\" \/><span aria-hidden=\"true\" class=\"wp-block-cover__background has-background-dim-40 has-background-dim\" style=\"background-color:#000000\"><\/span><div class=\"wp-block-cover__inner-container is-layout-flow wp-block-cover-is-layout-flow\">\n<div class=\"wp-block-columns alignwide is-layout-flex wp-container-core-columns-is-layout-28f84493 wp-block-columns-is-layout-flex\">\n<div class=\"wp-block-column is-layout-flow wp-block-column-is-layout-flow\"><\/div>\n<\/div>\n<\/div><\/div>\n\n\n\n<p class=\"has-medium-font-size\">I am located at Tratinska Street 61 in Zagreb. I do not have working hours, the studio is open by appointment. If you have an idea, a project, a material that could become something else, or you simply want to see what is being done \u2014 please get in touch.<\/p>\n\n\n\n<div class=\"wp-block-uagb-forms uagb-forms__outer-wrap uagb-block-0b535e00 uagb-forms__medium-btn\" id=\"kontakt\"><form class=\"uagb-forms-main-form\" method=\"post\" autocomplete=\"on\" name=\"uagb-form-0b535e00\" action=\"\">\n<div class=\"wp-block-uagb-forms-name uagb-forms-name-wrap uagb-forms-field-set uagb-block-67cb3eef\"><div class=\"uagb-forms-name-label required uagb-forms-input-label\" id=\"67cb3eef\">Name<\/div><input type=\"text\" placeholder=\"\" required class=\"uagb-forms-name-input uagb-forms-input\" name=\"67cb3eef\" autocomplete=\"given-name\"\/><\/div>\n\n\n\n<div class=\"wp-block-uagb-forms-name uagb-forms-name-wrap uagb-forms-field-set uagb-block-117c0d39\"><div class=\"uagb-forms-name-label  uagb-forms-input-label\" id=\"117c0d39\">Surname<\/div><input type=\"text\" placeholder=\"\" class=\"uagb-forms-name-input uagb-forms-input\" name=\"117c0d39\" autocomplete=\"family-name\"\/><\/div>\n\n\n\n<div class=\"wp-block-uagb-forms-email uagb-forms-email-wrap uagb-forms-field-set uagb-block-f7816a32\"><div class=\"uagb-forms-email-label required uagb-forms-input-label\" id=\"f7816a32\">E-mail<\/div><input type=\"email\" class=\"uagb-forms-email-input uagb-forms-input\" placeholder=\"\" required name=\"f7816a32\" autocomplete=\"email\"\/><\/div>\n\n\n\n<div class=\"wp-block-uagb-forms-textarea uagb-forms-textarea-wrap uagb-forms-field-set uagb-block-14fccc06\"><div class=\"uagb-forms-textarea-label required uagb-forms-input-label\" id=\"14fccc06\">Message<\/div><textarea required class=\"uagb-forms-textarea-input uagb-forms-input\" rows=\"4\" placeholder=\"\" name=\"14fccc06\" autocomplete=\"off\"><\/textarea><\/div>\n<div class=\"uagb-forms-form-hidden-data\"><input type=\"hidden\" id=\"g-recaptcha-response\" class=\"uagb-forms-recaptcha\"\/><input type=\"hidden\" class=\"uagb_forms_form_label\" value=\"Spectra Form\"\/><input type=\"hidden\" class=\"uagb_forms_form_id\" value=\"uagb-form-0b535e00\"\/><\/div><div class=\"g-recaptcha uagb-forms-field-set\" data-sitekey=\"\"><\/div><div class=\"uagb-form-reacaptcha-error-0b535e00\"><\/div><div class=\"uagb-forms-main-submit-button-wrap wp-block-button\"><button class=\"uagb-forms-main-submit-button wp-block-button__link\"><div class=\"uagb-forms-main-submit-button-text\">Send<\/div><\/button><\/div><input type=\"hidden\" name=\"trp-form-language\" value=\"en\"\/><\/form><div class=\"uagb-forms-success-message-0b535e00 uagb-forms-submit-message-hide\"><span>Thank you for your message. I will respond as soon as possible. <\/span><\/div><div class=\"uagb-forms-failed-message-0b535e00 uagb-forms-submit-message-hide\"><span>An error has occurred. Please check that you have entered all the required information. <\/span><\/div><\/div>\n\n\n\t\t\t<div \n\t\t\tclass=\"wp-block-uagb-google-map uagb-google-map__wrap uagb-block-69d6eaab\"\n\t\t\tstyle=\"\" >\n\t\t\t\t<embed\n\t\t\t\t\tclass=\"uagb-google-map__iframe\"\n\t\t\t\t\ttitle=\"Google Map for \"\n\t\t\t\t\tsrc=\"https:\/\/maps.google.com\/maps?q=Tratinska%2061&#038;z=14&#038;hl=hr&#038;t=m&#038;output=embed&#038;iwloc=near\"\n\t\t\t\t\twidth=\"640\"\n\t\t\t\t\theight=\"248\"\n\t\t\t\t\tloading=\"lazy\"\n\t\t\t\t><\/embed>\n\t\t\t<\/div>\n\t\t\t\n\n\n<p><\/p>\n\n\n\n<p><\/p>","protected":false},"excerpt":{"rendered":"<p>I am located at Tratinska Street 61 in Zagreb. I do not have working hours, the studio is open by appointment. If you have an idea, a project, a material that could become something else, or you simply want to see what is being done \u2014 please get in touch.<\/p>","protected":false},"author":1,"featured_media":0,"parent":0,"menu_order":0,"comment_status":"closed","ping_status":"closed","template":"","meta":{"_uag_custom_page_level_css":"","footnotes":""},"class_list":["post-80","page","type-page","status-publish","hentry"],"blocksy_meta":[],"_hostinger_reach_plugin_has_subscription_block":false,"_hostinger_reach_plugin_is_elementor":false,"uagb_featured_image_src":{"full":false,"thumbnail":false,"medium":false,"medium_large":false,"large":false,"1536x1536":false,"2048x2048":false,"trp-custom-language-flag":false,"woocommerce_archive_thumbnail":false,"woocommerce_thumbnail":false,"woocommerce_single":false,"woocommerce_gallery_thumbnail":false},"uagb_author_info":{"display_name":"vasco","author_link":"https:\/\/vasco.hr\/en\/author\/frane-sosa\/"},"uagb_comment_info":0,"uagb_excerpt":"Nalazim se u Tratinskoj ulici 61 u Zagrebu. Nemam radno vrijeme, studio je otvoren prema dogovoru. Ako imate ideju, projekt, materijal koji bi mogao postati ne\u0161to drugo, ili jednostavno \u017eelte vidjeti \u0161to se radi \u2014 javite se.","_links":{"self":[{"href":"https:\/\/vasco.hr\/en\/wp-json\/wp\/v2\/pages\/80","targetHints":{"allow":["GET"]}}],"collection":[{"href":"https:\/\/vasco.hr\/en\/wp-json\/wp\/v2\/pages"}],"about":[{"href":"https:\/\/vasco.hr\/en\/wp-json\/wp\/v2\/types\/page"}],"author":[{"embeddable":true,"href":"https:\/\/vasco.hr\/en\/wp-json\/wp\/v2\/users\/1"}],"replies":[{"embeddable":true,"href":"https:\/\/vasco.hr\/en\/wp-json\/wp\/v2\/comments?post=80"}],"version-history":[{"count":21,"href":"https:\/\/vasco.hr\/en\/wp-json\/wp\/v2\/pages\/80\/revisions"}],"predecessor-version":[{"id":1016,"href":"https:\/\/vasco.hr\/en\/wp-json\/wp\/v2\/pages\/80\/revisions\/1016"}],"wp:attachment":[{"href":"https:\/\/vasco.hr\/en\/wp-json\/wp\/v2\/media?parent=80"}],"curies":[{"name":"wp","href":"https:\/\/api.w.org\/{rel}","templated":true}]}}