{"id":79,"date":"2025-10-06T12:18:30","date_gmt":"2025-10-06T12:18:30","guid":{"rendered":"https:\/\/vasco.hr\/?page_id=79"},"modified":"2026-02-14T00:19:48","modified_gmt":"2026-02-13T23:19:48","slug":"o-meni","status":"publish","type":"page","link":"https:\/\/vasco.hr\/en\/o-meni\/","title":{"rendered":"About me"},"content":{"rendered":"<div class=\"wp-block-cover alignfull\" style=\"min-height:250px;aspect-ratio:unset;\"><img decoding=\"async\" width=\"768\" height=\"1024\" class=\"wp-block-cover__image-background wp-image-159 size-large\" alt=\"\" src=\"https:\/\/vasco.hr\/wp-content\/uploads\/2025\/10\/blue3-768x1024.jpg\" style=\"object-position:55% 22%\" data-object-fit=\"cover\" data-object-position=\"55% 22%\" title=\"\" srcset=\"https:\/\/vasco.hr\/wp-content\/uploads\/2025\/10\/blue3-768x1024.jpg 768w, https:\/\/vasco.hr\/wp-content\/uploads\/2025\/10\/blue3-225x300.jpg 225w, https:\/\/vasco.hr\/wp-content\/uploads\/2025\/10\/blue3-1152x1536.jpg 1152w, https:\/\/vasco.hr\/wp-content\/uploads\/2025\/10\/blue3-600x800.jpg 600w, https:\/\/vasco.hr\/wp-content\/uploads\/2025\/10\/blue3.jpg 1200w\" sizes=\"(max-width: 768px) 100vw, 768px\" \/><span aria-hidden=\"true\" class=\"wp-block-cover__background has-background-dim-30 has-background-dim\"><\/span><div class=\"wp-block-cover__inner-container is-layout-flow wp-block-cover-is-layout-flow\">\n<div class=\"wp-block-columns alignwide is-layout-flex wp-container-core-columns-is-layout-28f84493 wp-block-columns-is-layout-flex\">\n<div class=\"wp-block-column is-layout-flow wp-block-column-is-layout-flow\"><\/div>\n<\/div>\n<\/div><\/div>\n\n\n\n<p style=\"font-size:clamp(15.747px, 0.984rem + ((1vw - 3.2px) * 0.645), 24px);\">I am a textile designer and a student of fashion theory. My journey began a long time ago, when I first realized how powerful emotions a garment can evoke. These emotions shape our identity, our communities, and the entire fashion and ideological system.<\/p>\n\n\n\n<p style=\"font-size:clamp(15.747px, 0.984rem + ((1vw - 3.2px) * 0.645), 24px);\">The central motif of my work stems from the character of Harlequin, through whose madness truths are spoken, lies are exposed, and paths to freedom are opened. Harlequin, for me, is a symbol of contemporary fashion \u2014 contradictory, changeable, but always sincere in its resistance to convention.<\/p>\n\n\n\n<div class=\"wp-block-group is-nowrap is-layout-flex wp-container-core-group-is-layout-6c531013 wp-block-group-is-layout-flex\">\n<div style=\"height:100px;width:0px\" aria-hidden=\"true\" class=\"wp-block-spacer wp-container-content-6388d5dc\"><\/div>\n\n\n\n<figure class=\"wp-block-image size-large\"><img decoding=\"async\" width=\"1024\" height=\"768\" src=\"https:\/\/vasco.hr\/wp-content\/uploads\/2025\/10\/Harlequin-A-bag-1024x768.jpg\" alt=\"\" class=\"wp-image-125\" title=\"\" srcset=\"https:\/\/vasco.hr\/wp-content\/uploads\/2025\/10\/Harlequin-A-bag-1024x768.jpg 1024w, https:\/\/vasco.hr\/wp-content\/uploads\/2025\/10\/Harlequin-A-bag-300x225.jpg 300w, https:\/\/vasco.hr\/wp-content\/uploads\/2025\/10\/Harlequin-A-bag-768x576.jpg 768w, https:\/\/vasco.hr\/wp-content\/uploads\/2025\/10\/Harlequin-A-bag-1536x1152.jpg 1536w, https:\/\/vasco.hr\/wp-content\/uploads\/2025\/10\/Harlequin-A-bag-600x450.jpg 600w, https:\/\/vasco.hr\/wp-content\/uploads\/2025\/10\/Harlequin-A-bag.jpg 1600w\" sizes=\"(max-width: 1024px) 100vw, 1024px\" \/><\/figure>\n\n\n\n<div style=\"height:100px;width:0px\" aria-hidden=\"true\" class=\"wp-block-spacer wp-container-content-6388d5dc\"><\/div>\n<\/div>\n\n\n\n<p style=\"font-size:clamp(15.747px, 0.984rem + ((1vw - 3.2px) * 0.645), 24px);\">My craft operates at the intersection of art, theory and craft knowledge. It creates garments, accessories and textile patterns, as well as research into the social and emotional dimensions of clothing. I am not satisfied with beauty per se \u2014 through design I seek to stimulate dialogue, question norms and advocate for social justice. Each work carries the question: why do we dress the way we do?<\/p>\n\n\n\n<div class=\"wp-block-uagb-advanced-heading uagb-block-4cf74697\"><h4 class=\"uagb-heading-text\">Exhibitions<\/h4><\/div>\n\n\n\n<ul class=\"wp-block-list\">\n<li style=\"font-size:clamp(14.642px, 0.915rem + ((1vw - 3.2px) * 0.575), 22px);\">55th Zagreb Salon, Zagreb, 2020 \u2013 Participation with 2 works: \u201cSquare Tie\u201d and \u201cMagnet\u201d<\/li>\n\n\n\n<li style=\"font-size:clamp(14.642px, 0.915rem + ((1vw - 3.2px) * 0.575), 22px);\">Sensor(ium), no. 2 \u2013 modulations and permutations, TMNT, Zagreb, 2021.<\/li>\n\n\n\n<li style=\"font-size:clamp(14.642px, 0.915rem + ((1vw - 3.2px) * 0.575), 22px);\">Ethnocreation of Croatia, Vinkovci, 2025 \u2013 Collection \u201cPeasants of Questionable Morality\u201d, won 1st place<\/li>\n\n\n\n<li class=\"has-medium-font-size\">\u201c&quot;Wool, thread, embroidery&quot;, group exhibition, \u0160ira Gallery, Zagreb, 2025. <\/li>\n\n\n\n<li style=\"font-size:clamp(14.642px, 0.915rem + ((1vw - 3.2px) * 0.575), 22px);\">\u201c&quot;Textile as memory&quot;, group exhibition, TTF gallery, Zagreb, 2026.<\/li>\n<\/ul>\n\n\n\n<div class=\"wp-block-uagb-advanced-heading uagb-block-dd86344f\"><h4 class=\"uagb-heading-text\">Workshops<\/h4><\/div>\n\n\n\n<ul class=\"wp-block-list\">\n<li style=\"font-size:clamp(14.642px, 0.915rem + ((1vw - 3.2px) * 0.575), 22px);\">Pants \/ Underpants \/ Trousers, Workshop, Zagreb, 2022.<\/li>\n\n\n\n<li style=\"font-size:clamp(14.642px, 0.915rem + ((1vw - 3.2px) * 0.575), 22px);\">From rags to identity, <a href=\"https:\/\/radiona.org\/radionica-harlekin-od-krpe-do-identiteta\/\" target=\"_blank\" rel=\"noopener\">Workshop<\/a>, Zagreb, 2024.<\/li>\n\n\n\n<li style=\"font-size:clamp(14.642px, 0.915rem + ((1vw - 3.2px) * 0.575), 22px);\">Kids Repair Caf\u00e9: Patched ear, <a href=\"https:\/\/radiona.org\/radiona-kids-repair-cafe-pokrpano-uho\/\" target=\"_blank\" rel=\"noopener\">Workshop<\/a>, Zagreb, 2024.<\/li>\n\n\n\n<li style=\"font-size:clamp(14.642px, 0.915rem + ((1vw - 3.2px) * 0.575), 22px);\">Swelling Press Workshop, Radiona, Zagreb 2025.<\/li>\n\n\n\n<li style=\"font-size:clamp(14.642px, 0.915rem + ((1vw - 3.2px) * 0.575), 22px);\">Swelling Press Workshop, Helen Doron, Sesvete, 2025.<\/li>\n\n\n\n<li style=\"font-size:clamp(14.642px, 0.915rem + ((1vw - 3.2px) * 0.575), 22px);\">Swelling Print Workshop, Queer&#039;an&#039;archive, Split 2025.<\/li>\n\n\n\n<li style=\"font-size:clamp(14.642px, 0.915rem + ((1vw - 3.2px) * 0.575), 22px);\">Swelling Printing Workshop, Design Beginner&#039;s Guide, HDD, 2025. <\/li>\n\n\n\n<li style=\"font-size:clamp(14.642px, 0.915rem + ((1vw - 3.2px) * 0.575), 22px);\">Under the Blanket in a Jacket, Radiona, Zagreb, 2026.<\/li>\n<\/ul>\n\n\n\n<div class=\"wp-block-uagb-advanced-heading uagb-block-293ff50a\"><h4 class=\"uagb-heading-text\">Filmography \u2013 films, series and commercials<\/h4><\/div>\n\n\n\n<ul class=\"wp-block-list\">\n<li style=\"font-size:clamp(14.642px, 0.915rem + ((1vw - 3.2px) * 0.575), 22px);\">Epic Worlds, Samsung commercial, skater, 2023.<\/li>\n\n\n\n<li style=\"font-size:clamp(14.642px, 0.915rem + ((1vw - 3.2px) * 0.575), 22px);\">Run, film, Uwe Boll, costume designer, 2024.<\/li>\n\n\n\n<li style=\"font-size:clamp(14.642px, 0.915rem + ((1vw - 3.2px) * 0.575), 22px);\">Other People&#039;s Money, series, Blue Sky Adriatic, costumer, 2024.<\/li>\n\n\n\n<li style=\"font-size:clamp(14.642px, 0.915rem + ((1vw - 3.2px) * 0.575), 22px);\">Clairol, advertisement, Blue Sky Adriatic, costume designer&#039;s assistant, 2024. <\/li>\n\n\n\n<li style=\"font-size:clamp(14.642px, 0.915rem + ((1vw - 3.2px) * 0.575), 22px);\">Esports World Cup, advertisement, Blue Sky Adriatic, costume designer&#039;s assistant, 2024.<\/li>\n\n\n\n<li style=\"font-size:clamp(14.642px, 0.915rem + ((1vw - 3.2px) * 0.575), 22px);\">Citizen Vigilante, film, Uwe Boll, Borvel Film, assistant costume designer, 2025.<\/li>\n\n\n\n<li style=\"font-size:clamp(14.642px, 0.915rem + ((1vw - 3.2px) * 0.575), 22px);\">Vabysmo, commercial, Welcome Production, assistant costume designer, 2025. <\/li>\n\n\n\n<li style=\"font-size:clamp(14.642px, 0.915rem + ((1vw - 3.2px) * 0.575), 22px);\">Irish life, commercial, Blue Sky Adriatic, assistant costume designer, 2025.<\/li>\n\n\n\n<li style=\"font-size:clamp(14.642px, 0.915rem + ((1vw - 3.2px) * 0.575), 22px);\">Jaguar, commercial, Blue Sky Adriatic, assistant costume designer, 2026.<\/li>\n<\/ul>\n\n\n\n<p><\/p>","protected":false},"excerpt":{"rendered":"<p>Tekstilni sam dizajner i student teorije mode. Moj put je zapo\u010deo davno, kada sam prvi put shvatio koliko sna\u017ene emocije mo\u017ee izazvati odjevni predmet. Te emocije oblikuju na\u0161 identitet, na\u0161e zajednice i \u010ditav modni i ideolo\u0161ki sustav. Sredi\u0161nji motiv moga rada proizlazi iz Harlekinove osobe, kroz \u010diju ludost progovaraju istine, razotkrivaju se la\u017ei i otvaraju [&hellip;]<\/p>\n","protected":false},"author":1,"featured_media":0,"parent":0,"menu_order":0,"comment_status":"closed","ping_status":"closed","template":"","meta":{"_uag_custom_page_level_css":"","footnotes":""},"class_list":["post-79","page","type-page","status-publish","hentry"],"blocksy_meta":[],"_hostinger_reach_plugin_has_subscription_block":false,"_hostinger_reach_plugin_is_elementor":false,"uagb_featured_image_src":{"full":false,"thumbnail":false,"medium":false,"medium_large":false,"large":false,"1536x1536":false,"2048x2048":false,"trp-custom-language-flag":false,"woocommerce_archive_thumbnail":false,"woocommerce_thumbnail":false,"woocommerce_single":false,"woocommerce_gallery_thumbnail":false},"uagb_author_info":{"display_name":"vasco","author_link":"https:\/\/vasco.hr\/en\/author\/frane-sosa\/"},"uagb_comment_info":0,"uagb_excerpt":"Tekstilni sam dizajner i student teorije mode. Moj put je zapo\u010deo davno, kada sam prvi put shvatio koliko sna\u017ene emocije mo\u017ee izazvati odjevni predmet. Te emocije oblikuju na\u0161 identitet, na\u0161e zajednice i \u010ditav modni i ideolo\u0161ki sustav. Sredi\u0161nji motiv moga rada proizlazi iz Harlekinove osobe, kroz \u010diju ludost progovaraju istine, razotkrivaju se la\u017ei i otvaraju&hellip;","_links":{"self":[{"href":"https:\/\/vasco.hr\/en\/wp-json\/wp\/v2\/pages\/79","targetHints":{"allow":["GET"]}}],"collection":[{"href":"https:\/\/vasco.hr\/en\/wp-json\/wp\/v2\/pages"}],"about":[{"href":"https:\/\/vasco.hr\/en\/wp-json\/wp\/v2\/types\/page"}],"author":[{"embeddable":true,"href":"https:\/\/vasco.hr\/en\/wp-json\/wp\/v2\/users\/1"}],"replies":[{"embeddable":true,"href":"https:\/\/vasco.hr\/en\/wp-json\/wp\/v2\/comments?post=79"}],"version-history":[{"count":25,"href":"https:\/\/vasco.hr\/en\/wp-json\/wp\/v2\/pages\/79\/revisions"}],"predecessor-version":[{"id":1033,"href":"https:\/\/vasco.hr\/en\/wp-json\/wp\/v2\/pages\/79\/revisions\/1033"}],"wp:attachment":[{"href":"https:\/\/vasco.hr\/en\/wp-json\/wp\/v2\/media?parent=79"}],"curies":[{"name":"wp","href":"https:\/\/api.w.org\/{rel}","templated":true}]}}